{"id":440,"date":"2020-09-17T20:26:51","date_gmt":"2020-09-17T20:26:51","guid":{"rendered":"https:\/\/avaluosavim.com.mx\/?page_id=440"},"modified":"2025-02-13T21:06:32","modified_gmt":"2025-02-14T02:06:32","slug":"contacto","status":"publish","type":"page","link":"https:\/\/php81.anepsa.com.mx\/en\/contact\/","title":{"rendered":"Contact"},"content":{"rendered":"<div data-elementor-type=\"wp-page\" data-elementor-id=\"440\" class=\"elementor elementor-440\" data-elementor-post-type=\"page\">\n\t\t\t\t\t\t<section class=\"elementor-section elementor-top-section elementor-element elementor-element-5da14725 elementor-section-boxed elementor-section-height-default elementor-section-height-default\" data-id=\"5da14725\" data-element_type=\"section\" data-settings=\"{&quot;background_background&quot;:&quot;classic&quot;}\">\n\t\t\t\t\t\t<div class=\"elementor-container elementor-column-gap-default\">\n\t\t\t\t\t<div class=\"elementor-column elementor-col-100 elementor-top-column elementor-element elementor-element-720e6993\" data-id=\"720e6993\" data-element_type=\"column\">\n\t\t\t<div class=\"elementor-widget-wrap elementor-element-populated\">\n\t\t\t\t\t\t<div class=\"elementor-element elementor-element-585ec8ab elementor-widget elementor-widget-text-editor\" data-id=\"585ec8ab\" data-element_type=\"widget\" data-widget_type=\"text-editor.default\">\n\t\t\t\t<div class=\"elementor-widget-container\">\n\t\t\t\t\t\t\t\t\t\n<h1 class=\"has-text-align-center wp-block-heading\">CONTACT<\/h1>\n\n\n\n<div class=\"wp-block-spacer\" style=\"height: 50px;\" aria-hidden=\"true\">\u00a0<\/div>\n\n\n\n<h2 style=\"text-align: center;\"><strong>Quote Our Services Now<\/strong><\/h2>\n<h3 style=\"text-align: center;\"><strong>We will solve all your doubts<\/strong><\/h3>\n\n\n\n<div class=\"wp-block-spacer\" style=\"height: 20px;\" aria-hidden=\"true\">\u00a0<\/div>\n\n\n\n<div class=\"wp-block-columns is-layout-flex wp-container-core-columns-is-layout-28f84493 wp-block-columns-is-layout-flex\">\n<div class=\"wp-block-column is-layout-flow wp-block-column-is-layout-flow\">\n<div class=\"wp-block-spacer\" style=\"height: 100px;\" aria-hidden=\"true\">\u00a0<\/div>\n<\/div>\n\n\n\n<div class=\"wp-block-column is-layout-flow wp-block-column-is-layout-flow\"> \n\t\t\t\t\t\t<script>\n\t\t\t\t\t\t\twindow.hsFormsOnReady = window.hsFormsOnReady || [];\n\t\t\t\t\t\t\twindow.hsFormsOnReady.push(()=>{\n\t\t\t\t\t\t\t\thbspt.forms.create({\n\t\t\t\t\t\t\t\t\tportalId: 7874922,\n\t\t\t\t\t\t\t\t\tformId: \"45bc8209-f9cd-4978-8cd8-dad4c762c6ec\",\n\t\t\t\t\t\t\t\t\ttarget: \"#hbspt-form-1777237200000-7448306939\",\n\t\t\t\t\t\t\t\t\tregion: \"na1\",\n\t\t\t\t\t\t\t\t\t\n\t\t\t\t\t\t\t})});\n\t\t\t\t\t\t<\/script>\n\t\t\t\t\t\t<div class=\"hbspt-form\" id=\"hbspt-form-1777237200000-7448306939\"><\/div> <\/div>\n\n\n\n<div class=\"wp-block-column is-layout-flow wp-block-column-is-layout-flow\">\n<div class=\"wp-block-spacer\" style=\"height: 100px;\" aria-hidden=\"true\">\u00a0<\/div>\n<\/div>\n<\/div>\n\n\n\n<div class=\"wp-block-spacer\" style=\"height: 20px;\" aria-hidden=\"true\">\u00a0<\/div>\n\n\n\n<h3 style=\"text-align: center;\"><i class=\"fas fa-phone-alt\"><\/i> 800 269 0024 <br \/><i class=\"fas fa-envelope\"> <\/i> contacto@php81.anepsa.com.mx<\/h3>\n<h3 style=\"text-align: center;\">Mexico City | State of Mexico | Guadalajara, Jalisco | Monterrey, Nuevo Leon<\/h3>\n<h3 style=\"text-align: center;\"><strong>php81.anepsa.com.mx<\/strong><\/h3>\n<h3 style=\"text-align: center;\">\u00a0<\/h3>\n\n\n\n<div class=\"wp-block-spacer\" style=\"height: 20px;\" aria-hidden=\"true\">\u00a0<\/div>\n\n\n\t\t\t\t\t\t\t\t<\/div>\n\t\t\t\t<\/div>\n\t\t\t\t\t<\/div>\n\t\t<\/div>\n\t\t\t\t\t<\/div>\n\t\t<\/section>\n\t\t\t\t<section class=\"elementor-section elementor-top-section elementor-element elementor-element-b06002c elementor-section-boxed elementor-section-height-default elementor-section-height-default\" data-id=\"b06002c\" data-element_type=\"section\">\n\t\t\t\t\t\t<div class=\"elementor-container elementor-column-gap-default\">\n\t\t\t\t\t<div class=\"elementor-column elementor-col-100 elementor-top-column elementor-element elementor-element-be99fe9\" data-id=\"be99fe9\" data-element_type=\"column\">\n\t\t\t<div class=\"elementor-widget-wrap elementor-element-populated\">\n\t\t\t\t\t\t\t<\/div>\n\t\t<\/div>\n\t\t\t\t\t<\/div>\n\t\t<\/section>\n\t\t\t\t<section class=\"elementor-section elementor-top-section elementor-element elementor-element-8ff8a62 elementor-section-boxed elementor-section-height-default elementor-section-height-default\" data-id=\"8ff8a62\" data-element_type=\"section\">\n\t\t\t\t\t\t<div class=\"elementor-container elementor-column-gap-default\">\n\t\t\t\t\t<div class=\"elementor-column elementor-col-100 elementor-top-column elementor-element elementor-element-0270104\" data-id=\"0270104\" data-element_type=\"column\">\n\t\t\t<div class=\"elementor-widget-wrap elementor-element-populated\">\n\t\t\t\t\t\t<div class=\"elementor-element elementor-element-5cb3bfb elementor-widget elementor-widget-html\" data-id=\"5cb3bfb\" data-element_type=\"widget\" data-widget_type=\"html.default\">\n\t\t\t\t<div class=\"elementor-widget-container\">\n\t\t\t\t\t<script>\r\n  document.addEventListener(\"DOMContentLoaded\", function () {\r\n    function modifySpecificHubSpotForm() {\r\n      let section = document.querySelector(\".elementor-element-5da14725\"); \/\/ Seleccionamos la secci\u00f3n espec\u00edfica\r\n      if (!section) return; \/\/ Si la secci\u00f3n no existe, no hacemos nada\r\n\r\n      let iframe = section.querySelector(\".hs-form-iframe\"); \/\/ Buscamos el iframe de HubSpot dentro de la secci\u00f3n\r\n\r\n      if (iframe) {\r\n        try {\r\n          let iframeDoc = iframe.contentDocument || iframe.contentWindow.document;\r\n\r\n          if (iframeDoc) {\r\n            let labels = iframeDoc.querySelectorAll(\"label\");\r\n            labels.forEach(label => {\r\n              label.style.color = \"black\";\r\n              label.style.fontWeight = \"bold\";\r\n              label.style.display = \"block\";\r\n              label.style.fontSize = \"16px\";\r\n            });\r\n\r\n            console.log(\"\u2705 Modificado con \u00e9xito en la secci\u00f3n espec\u00edfica:\", section);\r\n          }\r\n        } catch (error) {\r\n          console.warn(\"\u26a0 No se puede acceder al contenido del iframe en la secci\u00f3n espec\u00edfica debido a restricciones de seguridad.\");\r\n        }\r\n      } else {\r\n        console.log(\"\u23f3 Esperando la carga del iframe en la secci\u00f3n espec\u00edfica...\");\r\n        setTimeout(modifySpecificHubSpotForm, 1000); \/\/ Si el iframe a\u00fan no est\u00e1 disponible, intentamos de nuevo en 1 segundo\r\n      }\r\n    }\r\n\r\n    \/\/ Observador para detectar cambios en la secci\u00f3n espec\u00edfica\r\n    let observer = new MutationObserver(() => {\r\n      modifySpecificHubSpotForm();\r\n    });\r\n\r\n    let targetNode = document.querySelector(\".elementor-element-5da14725\"); \/\/ Solo observa esta secci\u00f3n\r\n    if (targetNode) {\r\n      let config = { childList: true, subtree: true };\r\n      observer.observe(targetNode, config);\r\n    }\r\n\r\n    modifySpecificHubSpotForm(); \/\/ Intento inicial\r\n  });\r\n<\/script>\r\n\t\t\t\t<\/div>\n\t\t\t\t<\/div>\n\t\t\t\t\t<\/div>\n\t\t<\/div>\n\t\t\t\t\t<\/div>\n\t\t<\/section>\n\t\t\t\t<\/div>","protected":false},"excerpt":{"rendered":"<p>CONTACT Quote Our Services Now We will solve all your doubts 800 269 0024 contacto@php81.anepsa.com.mx Mexico City | State of Mexico | Guadalajara, Jalisco | Monterrey, Nuevo Le\u00f3n php81.anepsa.com.mx \u00a0<\/p>","protected":false},"author":1,"featured_media":0,"parent":0,"menu_order":0,"comment_status":"closed","ping_status":"closed","template":"","meta":{"content-type":"","site-sidebar-layout":"default","site-content-layout":"content-boxed-container","ast-site-content-layout":"default","site-content-style":"default","site-sidebar-style":"default","ast-global-header-display":"","ast-banner-title-visibility":"","ast-main-header-display":"","ast-hfb-above-header-display":"","ast-hfb-below-header-display":"","ast-hfb-mobile-header-display":"","site-post-title":"disabled","ast-breadcrumbs-content":"","ast-featured-img":"","footer-sml-layout":"","ast-disable-related-posts":"","theme-transparent-header-meta":"default","adv-header-id-meta":"","stick-header-meta":"default","header-above-stick-meta":"","header-main-stick-meta":"","header-below-stick-meta":"","astra-migrate-meta-layouts":"default","ast-page-background-enabled":"default","ast-page-background-meta":{"desktop":{"background-color":"","background-image":"","background-repeat":"repeat","background-position":"center center","background-size":"auto","background-attachment":"scroll","background-type":"","background-media":"","overlay-type":"","overlay-color":"","overlay-opacity":"","overlay-gradient":""},"tablet":{"background-color":"","background-image":"","background-repeat":"repeat","background-position":"center center","background-size":"auto","background-attachment":"scroll","background-type":"","background-media":"","overlay-type":"","overlay-color":"","overlay-opacity":"","overlay-gradient":""},"mobile":{"background-color":"","background-image":"","background-repeat":"repeat","background-position":"center center","background-size":"auto","background-attachment":"scroll","background-type":"","background-media":"","overlay-type":"","overlay-color":"","overlay-opacity":"","overlay-gradient":""}},"ast-content-background-meta":{"desktop":{"background-color":"var(--ast-global-color-5)","background-image":"","background-repeat":"repeat","background-position":"center center","background-size":"auto","background-attachment":"scroll","background-type":"","background-media":"","overlay-type":"","overlay-color":"","overlay-opacity":"","overlay-gradient":""},"tablet":{"background-color":"var(--ast-global-color-5)","background-image":"","background-repeat":"repeat","background-position":"center center","background-size":"auto","background-attachment":"scroll","background-type":"","background-media":"","overlay-type":"","overlay-color":"","overlay-opacity":"","overlay-gradient":""},"mobile":{"background-color":"var(--ast-global-color-5)","background-image":"","background-repeat":"repeat","background-position":"center center","background-size":"auto","background-attachment":"scroll","background-type":"","background-media":"","overlay-type":"","overlay-color":"","overlay-opacity":"","overlay-gradient":""}},"footnotes":""},"class_list":["post-440","page","type-page","status-publish","hentry"],"_links":{"self":[{"href":"https:\/\/php81.anepsa.com.mx\/en\/wp-json\/wp\/v2\/pages\/440","targetHints":{"allow":["GET"]}}],"collection":[{"href":"https:\/\/php81.anepsa.com.mx\/en\/wp-json\/wp\/v2\/pages"}],"about":[{"href":"https:\/\/php81.anepsa.com.mx\/en\/wp-json\/wp\/v2\/types\/page"}],"author":[{"embeddable":true,"href":"https:\/\/php81.anepsa.com.mx\/en\/wp-json\/wp\/v2\/users\/1"}],"replies":[{"embeddable":true,"href":"https:\/\/php81.anepsa.com.mx\/en\/wp-json\/wp\/v2\/comments?post=440"}],"version-history":[{"count":51,"href":"https:\/\/php81.anepsa.com.mx\/en\/wp-json\/wp\/v2\/pages\/440\/revisions"}],"predecessor-version":[{"id":13920,"href":"https:\/\/php81.anepsa.com.mx\/en\/wp-json\/wp\/v2\/pages\/440\/revisions\/13920"}],"wp:attachment":[{"href":"https:\/\/php81.anepsa.com.mx\/en\/wp-json\/wp\/v2\/media?parent=440"}],"curies":[{"name":"wp","href":"https:\/\/api.w.org\/{rel}","templated":true}]}}